{"id":1501,"date":"2024-09-09T11:13:49","date_gmt":"2024-09-09T11:13:49","guid":{"rendered":"https:\/\/www.visitsantamariadelcami.com\/legal-warning\/"},"modified":"2024-09-10T11:27:12","modified_gmt":"2024-09-10T11:27:12","slug":"legal-warning","status":"publish","type":"page","link":"https:\/\/www.visitsantamariadelcami.com\/en\/legal-warning\/","title":{"rendered":"Legal warning"},"content":{"rendered":"\t\t<div data-elementor-type=\"wp-page\" data-elementor-id=\"1501\" class=\"elementor elementor-1501 elementor-1234\" data-elementor-post-type=\"page\">\n\t\t\t\t<div class=\"elementor-element elementor-element-3ca194d e-flex e-con-boxed e-con e-parent\" data-id=\"3ca194d\" data-element_type=\"container\">\n\t\t\t\t\t<div class=\"e-con-inner\">\n\t\t\t\t<div class=\"elementor-element elementor-element-342ce45 elementor-widget elementor-widget-heading\" data-id=\"342ce45\" data-element_type=\"widget\" data-widget_type=\"heading.default\">\n\t\t\t\t<div class=\"elementor-widget-container\">\n\t\t\t<h2 class=\"elementor-heading-title elementor-size-default\">Legal Notice<\/h2>\t\t<\/div>\n\t\t\t\t<\/div>\n\t\t\t\t\t<\/div>\n\t\t\t\t<\/div>\n\t\t<div class=\"elementor-element elementor-element-69019bc5 e-flex e-con-boxed e-con e-parent\" data-id=\"69019bc5\" data-element_type=\"container\">\n\t\t\t\t\t<div class=\"e-con-inner\">\n\t\t\t\t<div class=\"elementor-element elementor-element-709614e5 elementor-widget elementor-widget-text-editor\" data-id=\"709614e5\" data-element_type=\"widget\" data-widget_type=\"text-editor.default\">\n\t\t\t\t<div class=\"elementor-widget-container\">\n\t\t\t\t\t\t\t<p>Responsible for the website, hereinafter RESPONSIBLE, makes this document available to users, with which it aims to comply with the obligations laid down in Law 34\/2002, of July 11, on Services of the Information Society and of Electronic Commerce (LSSICE), BOE No. 166, as well as informing all users of the website regarding the conditions of use.<\/p>\n<p>Everyone who accesses this website assumes the role of user, committing to the strict observance and compliance of the provisions set out here, as well as any other legal provision that may be applicable.<\/p>\n<p>Ajuntament de Santa Maria del Cam\u00ed reserves the right to modify any type of information that may appear on the website, without any obligation to notify or make users aware of these obligations, with publication on the site being understood as sufficient https:\/\/www.visitsantamariadelcami.com website<\/p>\n<p>IDENTIFYING DATA<\/p>\n<p>Domain name: https:\/\/www.visitsantamariadelcami.com\/<br> Commercial name: City Council of Santa Maria del Cam\u00ed<br> Corporate name: City Council of Santa Maria del Cam\u00ed<br> CIF: P0705600E<br> Registered office: Pla\u00e7a de la Vila, 1. 07320 Santa Maria del Cam\u00ed. <br>  Telephone: 971 620 131<\/p>\n<p>2. INTELLECTUAL AND INDUSTRIAL PROPERTY RIGHTS<br> The website, including but not limited to its programming, editing, compilation and other elements necessary for its operation, the designs, logos, texts and\/or graphics, are the property of the RESPONSIBLE or, where applicable, has of license or express authorization by the authors.<\/p>\n<p>All the contents of the website are duly protected by intellectual and industrial property regulations, as well as registered in the corresponding public registers.<\/p>\n<p>Regardless of the purpose for which they were intended, the total or partial reproduction, use, exploitation, distribution and commercialization, in any case requires prior written authorization by the RESPONSIBLE. Any use not previously authorized is considered a serious breach of the author&#8217;s intellectual or industrial property rights. <\/p>\n<p>The designs, logos, texts and\/or graphics other than those RESPONSIBLE and that may appear on the website belong to their respective owners, being themselves responsible for any possible controversy that may arise regarding them.<\/p>\n<p>The RESPONSIBLE recognizes in favor of their holders the corresponding rights of intellectual and industrial property, not implying their mere mention or appearance on the website the existence of any rights or responsibility over them, nor support, sponsorship or recommendation by the same.<\/p>\n<p>To make any type of observation regarding possible breaches of intellectual or industrial property rights, as well as any of the website&#8217;s content, you can do so via email #ajuntament@santamariadelcami.net<\/p>\n<p>3. DISCLAIMER OF LIABILITY<\/p>\n<p>The RESPONSIBLE is exempt from any type of responsibility derived from the information published on its website provided that this information has been manipulated or entered by a third party outside of it.<\/p>\n<p>4. WEBSITE CONTENT AND LINKS<\/p>\n<p>reserves the right to update, modify or delete the information contained in its web pages, and may even limit or deny access to this information to certain users.<br>  does not assume any responsibility for the information contained in third-party web pages that can be accessed by &#8220;links&#8221; or links from any web page owned by https:\/\/www.visitsantamariadelcami.com\/.<br>  The presence of &#8220;links&#8221; or links on the web pages of # has a purely informative purpose and in no case implies a suggestion, invitation or recommendation about them.<\/p>\n<p>3COM Marketing &#8211; Cookies Advisor is a plugin for WordPress created by 3COM Marketing.<\/p>\t\t\t\t\t\t<\/div>\n\t\t\t\t<\/div>\n\t\t\t\t\t<\/div>\n\t\t\t\t<\/div>\n\t\t\t\t<\/div>\n\t\t","protected":false},"excerpt":{"rendered":"<p>Legal Notice Responsible for the website, hereinafter RESPONSIBLE, makes this document available to users, with which it aims to comply with the obligations laid down in Law 34\/2002, of July 11, on Services of the Information Society and of Electronic Commerce (LSSICE), BOE No. 166, as well as informing all users of the website regarding [&hellip;]<\/p>\n","protected":false},"author":1,"featured_media":0,"parent":0,"menu_order":0,"comment_status":"closed","ping_status":"closed","template":"","meta":{"_acf_changed":false,"footnotes":""},"class_list":["post-1501","page","type-page","status-publish","hentry"],"acf":[],"yoast_head":"<!-- This site is optimized with the Yoast SEO plugin v23.6 - https:\/\/yoast.com\/wordpress\/plugins\/seo\/ -->\n<title>Legal warning - Visit Santa Maria del Cam\u00ed<\/title>\n<meta name=\"robots\" content=\"index, follow, max-snippet:-1, max-image-preview:large, max-video-preview:-1\" \/>\n<link rel=\"canonical\" href=\"https:\/\/www.visitsantamariadelcami.com\/en\/legal-warning\/\" \/>\n<meta property=\"og:locale\" content=\"en_US\" \/>\n<meta property=\"og:type\" content=\"article\" \/>\n<meta property=\"og:title\" content=\"Legal warning - Visit Santa Maria del Cam\u00ed\" \/>\n<meta property=\"og:description\" content=\"Legal Notice Responsible for the website, hereinafter RESPONSIBLE, makes this document available to users, with which it aims to comply with the obligations laid down in Law 34\/2002, of July 11, on Services of the Information Society and of Electronic Commerce (LSSICE), BOE No. 166, as well as informing all users of the website regarding [&hellip;]\" \/>\n<meta property=\"og:url\" content=\"https:\/\/www.visitsantamariadelcami.com\/en\/legal-warning\/\" \/>\n<meta property=\"og:site_name\" content=\"Visit Santa Maria del Cam\u00ed\" \/>\n<meta property=\"article:publisher\" content=\"https:\/\/www.facebook.com\/ajuntament.santamariadelcami\" \/>\n<meta property=\"article:modified_time\" content=\"2024-09-10T11:27:12+00:00\" \/>\n<meta name=\"twitter:card\" content=\"summary_large_image\" \/>\n<meta name=\"twitter:label1\" content=\"Est. reading time\" \/>\n\t<meta name=\"twitter:data1\" content=\"3 minutes\" \/>\n<script type=\"application\/ld+json\" class=\"yoast-schema-graph\">{\"@context\":\"https:\/\/schema.org\",\"@graph\":[{\"@type\":\"WebPage\",\"@id\":\"https:\/\/www.visitsantamariadelcami.com\/en\/legal-warning\/\",\"url\":\"https:\/\/www.visitsantamariadelcami.com\/en\/legal-warning\/\",\"name\":\"Legal warning - Visit Santa Maria del Cam\u00ed\",\"isPartOf\":{\"@id\":\"https:\/\/www.visitsantamariadelcami.com\/#website\"},\"datePublished\":\"2024-09-09T11:13:49+00:00\",\"dateModified\":\"2024-09-10T11:27:12+00:00\",\"breadcrumb\":{\"@id\":\"https:\/\/www.visitsantamariadelcami.com\/en\/legal-warning\/#breadcrumb\"},\"inLanguage\":\"en-US\",\"potentialAction\":[{\"@type\":\"ReadAction\",\"target\":[\"https:\/\/www.visitsantamariadelcami.com\/en\/legal-warning\/\"]}]},{\"@type\":\"BreadcrumbList\",\"@id\":\"https:\/\/www.visitsantamariadelcami.com\/en\/legal-warning\/#breadcrumb\",\"itemListElement\":[{\"@type\":\"ListItem\",\"position\":1,\"name\":\"Inici\",\"item\":\"https:\/\/www.visitsantamariadelcami.com\/en\/home\/\"},{\"@type\":\"ListItem\",\"position\":2,\"name\":\"Legal warning\"}]},{\"@type\":\"WebSite\",\"@id\":\"https:\/\/www.visitsantamariadelcami.com\/#website\",\"url\":\"https:\/\/www.visitsantamariadelcami.com\/\",\"name\":\"Visit Santa Maria del Cam\u00ed\",\"description\":\"Santa Maria et convida a descobrir la seva rica cultura, hist\u00f2ria, i tradicions. Des de vinyes i cellers de renom fins a una vibrant escena gastron\u00f2mica\",\"publisher\":{\"@id\":\"https:\/\/www.visitsantamariadelcami.com\/#organization\"},\"potentialAction\":[{\"@type\":\"SearchAction\",\"target\":{\"@type\":\"EntryPoint\",\"urlTemplate\":\"https:\/\/www.visitsantamariadelcami.com\/?s={search_term_string}\"},\"query-input\":{\"@type\":\"PropertyValueSpecification\",\"valueRequired\":true,\"valueName\":\"search_term_string\"}}],\"inLanguage\":\"en-US\"},{\"@type\":\"Organization\",\"@id\":\"https:\/\/www.visitsantamariadelcami.com\/#organization\",\"name\":\"Visit Santa Maria del Cam\u00ed\",\"url\":\"https:\/\/www.visitsantamariadelcami.com\/\",\"logo\":{\"@type\":\"ImageObject\",\"inLanguage\":\"en-US\",\"@id\":\"https:\/\/www.visitsantamariadelcami.com\/#\/schema\/logo\/image\/\",\"url\":\"https:\/\/www.visitsantamariadelcami.com\/wp-content\/uploads\/2024\/08\/uva-1.svg\",\"contentUrl\":\"https:\/\/www.visitsantamariadelcami.com\/wp-content\/uploads\/2024\/08\/uva-1.svg\",\"caption\":\"Visit Santa Maria del Cam\u00ed\"},\"image\":{\"@id\":\"https:\/\/www.visitsantamariadelcami.com\/#\/schema\/logo\/image\/\"},\"sameAs\":[\"https:\/\/www.facebook.com\/ajuntament.santamariadelcami\",\"https:\/\/www.instagram.com\/ajsantamariadelcami\/\"]}]}<\/script>\n<!-- \/ Yoast SEO plugin. -->","yoast_head_json":{"title":"Legal warning - Visit Santa Maria del Cam\u00ed","robots":{"index":"index","follow":"follow","max-snippet":"max-snippet:-1","max-image-preview":"max-image-preview:large","max-video-preview":"max-video-preview:-1"},"canonical":"https:\/\/www.visitsantamariadelcami.com\/en\/legal-warning\/","og_locale":"en_US","og_type":"article","og_title":"Legal warning - Visit Santa Maria del Cam\u00ed","og_description":"Legal Notice Responsible for the website, hereinafter RESPONSIBLE, makes this document available to users, with which it aims to comply with the obligations laid down in Law 34\/2002, of July 11, on Services of the Information Society and of Electronic Commerce (LSSICE), BOE No. 166, as well as informing all users of the website regarding [&hellip;]","og_url":"https:\/\/www.visitsantamariadelcami.com\/en\/legal-warning\/","og_site_name":"Visit Santa Maria del Cam\u00ed","article_publisher":"https:\/\/www.facebook.com\/ajuntament.santamariadelcami","article_modified_time":"2024-09-10T11:27:12+00:00","twitter_card":"summary_large_image","twitter_misc":{"Est. reading time":"3 minutes"},"schema":{"@context":"https:\/\/schema.org","@graph":[{"@type":"WebPage","@id":"https:\/\/www.visitsantamariadelcami.com\/en\/legal-warning\/","url":"https:\/\/www.visitsantamariadelcami.com\/en\/legal-warning\/","name":"Legal warning - Visit Santa Maria del Cam\u00ed","isPartOf":{"@id":"https:\/\/www.visitsantamariadelcami.com\/#website"},"datePublished":"2024-09-09T11:13:49+00:00","dateModified":"2024-09-10T11:27:12+00:00","breadcrumb":{"@id":"https:\/\/www.visitsantamariadelcami.com\/en\/legal-warning\/#breadcrumb"},"inLanguage":"en-US","potentialAction":[{"@type":"ReadAction","target":["https:\/\/www.visitsantamariadelcami.com\/en\/legal-warning\/"]}]},{"@type":"BreadcrumbList","@id":"https:\/\/www.visitsantamariadelcami.com\/en\/legal-warning\/#breadcrumb","itemListElement":[{"@type":"ListItem","position":1,"name":"Inici","item":"https:\/\/www.visitsantamariadelcami.com\/en\/home\/"},{"@type":"ListItem","position":2,"name":"Legal warning"}]},{"@type":"WebSite","@id":"https:\/\/www.visitsantamariadelcami.com\/#website","url":"https:\/\/www.visitsantamariadelcami.com\/","name":"Visit Santa Maria del Cam\u00ed","description":"Santa Maria et convida a descobrir la seva rica cultura, hist\u00f2ria, i tradicions. Des de vinyes i cellers de renom fins a una vibrant escena gastron\u00f2mica","publisher":{"@id":"https:\/\/www.visitsantamariadelcami.com\/#organization"},"potentialAction":[{"@type":"SearchAction","target":{"@type":"EntryPoint","urlTemplate":"https:\/\/www.visitsantamariadelcami.com\/?s={search_term_string}"},"query-input":{"@type":"PropertyValueSpecification","valueRequired":true,"valueName":"search_term_string"}}],"inLanguage":"en-US"},{"@type":"Organization","@id":"https:\/\/www.visitsantamariadelcami.com\/#organization","name":"Visit Santa Maria del Cam\u00ed","url":"https:\/\/www.visitsantamariadelcami.com\/","logo":{"@type":"ImageObject","inLanguage":"en-US","@id":"https:\/\/www.visitsantamariadelcami.com\/#\/schema\/logo\/image\/","url":"https:\/\/www.visitsantamariadelcami.com\/wp-content\/uploads\/2024\/08\/uva-1.svg","contentUrl":"https:\/\/www.visitsantamariadelcami.com\/wp-content\/uploads\/2024\/08\/uva-1.svg","caption":"Visit Santa Maria del Cam\u00ed"},"image":{"@id":"https:\/\/www.visitsantamariadelcami.com\/#\/schema\/logo\/image\/"},"sameAs":["https:\/\/www.facebook.com\/ajuntament.santamariadelcami","https:\/\/www.instagram.com\/ajsantamariadelcami\/"]}]}},"_links":{"self":[{"href":"https:\/\/www.visitsantamariadelcami.com\/en\/wp-json\/wp\/v2\/pages\/1501","targetHints":{"allow":["GET"]}}],"collection":[{"href":"https:\/\/www.visitsantamariadelcami.com\/en\/wp-json\/wp\/v2\/pages"}],"about":[{"href":"https:\/\/www.visitsantamariadelcami.com\/en\/wp-json\/wp\/v2\/types\/page"}],"author":[{"embeddable":true,"href":"https:\/\/www.visitsantamariadelcami.com\/en\/wp-json\/wp\/v2\/users\/1"}],"replies":[{"embeddable":true,"href":"https:\/\/www.visitsantamariadelcami.com\/en\/wp-json\/wp\/v2\/comments?post=1501"}],"version-history":[{"count":2,"href":"https:\/\/www.visitsantamariadelcami.com\/en\/wp-json\/wp\/v2\/pages\/1501\/revisions"}],"predecessor-version":[{"id":1505,"href":"https:\/\/www.visitsantamariadelcami.com\/en\/wp-json\/wp\/v2\/pages\/1501\/revisions\/1505"}],"wp:attachment":[{"href":"https:\/\/www.visitsantamariadelcami.com\/en\/wp-json\/wp\/v2\/media?parent=1501"}],"curies":[{"name":"wp","href":"https:\/\/api.w.org\/{rel}","templated":true}]}}