{"id":1490,"date":"2024-09-09T11:48:05","date_gmt":"2024-09-09T11:48:05","guid":{"rendered":"https:\/\/www.visitsantamariadelcami.com\/cookies-policy\/"},"modified":"2024-09-10T11:27:04","modified_gmt":"2024-09-10T11:27:04","slug":"cookies-policy","status":"publish","type":"page","link":"https:\/\/www.visitsantamariadelcami.com\/en\/cookies-policy\/","title":{"rendered":"Cookies policy"},"content":{"rendered":"\t\t<div data-elementor-type=\"wp-page\" data-elementor-id=\"1490\" class=\"elementor elementor-1490 elementor-1239\" data-elementor-post-type=\"page\">\n\t\t\t\t<div class=\"elementor-element elementor-element-92d058a e-flex e-con-boxed e-con e-parent\" data-id=\"92d058a\" data-element_type=\"container\">\n\t\t\t\t\t<div class=\"e-con-inner\">\n\t\t\t\t<div class=\"elementor-element elementor-element-61816df elementor-widget elementor-widget-heading\" data-id=\"61816df\" data-element_type=\"widget\" data-widget_type=\"heading.default\">\n\t\t\t\t<div class=\"elementor-widget-container\">\n\t\t\t<h2 class=\"elementor-heading-title elementor-size-default\">COOKIES<\/h2>\t\t<\/div>\n\t\t\t\t<\/div>\n\t\t\t\t<div class=\"elementor-element elementor-element-3d6ab0d0 elementor-widget elementor-widget-text-editor\" data-id=\"3d6ab0d0\" data-element_type=\"widget\" data-widget_type=\"text-editor.default\">\n\t\t\t\t<div class=\"elementor-widget-container\">\n\t\t\t\t\t\t\t<p>INFORMATION ON COOKIES<br> In accordance with Law 34\/2002, of July 11, on services of the information society and electronic commerce (LSSI), in relation to Regulation (EU) 2016\/679 of the European Parliament and of the Council, of 27 of April 2016, General Data Protection (GDPR) and Organic Law 3\/2018, of December 5, Data Protection and Guarantee of Digital Rights (LOPDGDD), it is required to obtain the express consent of the user of all the web pages that use expendable cookies, before he navigates through them.<br>  WHAT ARE COOKIES?<br>  Cookies and other similar technologies, such as local shared objects, flash cookies or pixels, are tools used by web servers to store and retrieve information about their visitors, as well as to offer the proper functioning of the site.<br>  Through the use of these devices, the web server is allowed to remember some data concerning the user, such as their preferences for viewing the pages of this server, name and password, products that interest them the most, etc.<br>  COOKIES AFFECTED BY THE REGULATION AND EXCEPTED COOKIES<br> According to the EU directive, the cookies that require the informed consent of the user are the analytics cookies and the advertising and affiliation cookies, and those of a technical nature and those necessary for the operation of the website or the provision of services expressly requested by the user.<br>  TYPES OF COOKIES<br> ACCORDING TO THE PURPOSE<br> Technical and functional cookies: these are those that allow the user to navigate through a web page, platform or application and use the different options or services available.<br>  Analytical cookies: they allow the person responsible for them to monitor and analyze the behavior of the users of the websites to which they are linked. The information collected through this type of cookie is used to measure the activity of the websites, the application or the platform and to create browsing profiles of the users of these sites, applications and platforms, for introduce improvements based on the analysis of the usage data made by the users of the service. <br>  Advertising cookies: they are those that allow the management, in the most effective way possible, of the advertising spaces that, if applicable, the publisher has included in a web page, application or platform from which it provides the requested service according to criteria such as edited content or how often ads are shown.<br>  Behavioral advertising cookies: they collect information about the user&#8217;s preferences and personal choices (retargeting) to allow the management, in the most effective way possible, of the advertising spaces that, where applicable, the publisher has included on a web page, application or platform from which the requested service is provided.<br>  Social cookies: are set by social media platforms on the Services to allow you to share content with your friends and networks. Social media platforms have the ability to track your online activity outside of the Services. This may affect the content and messages you see on other services you visit.  <br>  Affiliate cookies: allow tracking of visits from other websites, with which the website establishes an affiliate contract (affiliate companies).<br>  Security cookies: they store encrypted information to prevent the data stored in them from being<br> vulnerable to malicious third-party attacks.<br>  ACCORDING TO PROPERTY<br> Own cookies: these are those that are sent to the user&#8217;s terminal equipment from a computer or domain managed by the same publisher and from which the service requested by the user is provided.<br>  Third-party cookies: are those that are sent to the user&#8217;s terminal equipment from a computer or domain that is not managed by the publisher, but by another entity that processes the data obtained through cookies .<br>  ACCORDING TO THE TERM OF CONSERVATION<br> Session cookies: are a type of cookie designed to request and store data while the user accesses a web page.<br>  Persistent cookies: they are a type of cookie in which the data is still stored on the terminal and can be accessed and processed for a period defined by the person in charge of the cookie, which can range from a few minutes to several years.<br>  TREATMENT OF PERSONAL DATA<br> ROSES STUDIO is the person responsible for the processing of the personal data of the interested party and informs you that this data will be processed in accordance with the provisions of Regulation (EU) 2016\/679, of April 27, 2016 (GDPR), by which the following treatment information is provided to you:<br> Purpose of treatment: as specified in the section on cookies used on this website.<br>  Legitimation of the treatment: except in cases where it is necessary for browsing the web, by consent of the interested party (art. 6.1.a GDPR).<br>  Data retention criteria: as specified in the section on cookies used on the website.<br>  Communication of the data: the data will not be communicated to third parties, except in cookies owned by third parties or due to legal obligation.<br>  Rights that assist the interested party:<br> Right to withdraw consent at any time.<br>  Right of access, rectification, portability and deletion of your data, and limitation or opposition to treatment.<br>  The right to file a complaint with the Control Authority (www.aepd.es) if you consider that the treatment does not comply with current regulations.<br>  Contact details to exercise your rights:<br> Pla\u00e7a de la Vila, 1. 07320 Santa Maria del Cam\u00ed. <br>  Email: consultasjuridico@audidat.com<br>  COOKIES USED ON THIS WEBSITE<br>  Property<br>  cookie<br>  purpose<br>  deadline<br>  visitsantamariadelcami.com\/<br>  _ga_WCPKH74E83<br>  Cookie necessary for the use of the options and services of the website<br>  in a year<br>  visitsantamariadelcami.com\/<br>  cmplz_banner-status<br>  Cookie necessary for the use of the options and services of the website<br>  in a year<br>  visitsantamariadelcami.com<br>  cmplz_policy_id<br>  Cookie necessary for the use of the options and services of the website<br>  in a year<br>  visitsantamariadelcami.com\/<br>  pll_language<br>  Cookie necessary for the use of the options and services of the website<br>  in a year<br>  region1.google-analytics.com<br>  ar_debug<br>  Cookie necessary for the use of the options and services of the website<br>  in 3 months<\/p>\n<p>Property<br> cookie<br> purpose<br> deadline<br> Google Analytics<br> _ga<br> ID used to identify users<br> in a year<\/p>\n<p>Third-party services are beyond the publisher&#8217;s control. The suppliers can modify at any time the conditions of service, purpose and use of cookies, etc.<br> Third party providers of this website:<br> editor<br> Privacy policy<br> Google Analytics<br> https:\/\/privacy.google.com\/take-control.html <\/p>\n<p>From this panel you can configure the cookies that the website can install in your browser, except for the technical or functional cookies that are necessary for navigation and the use of the different options or services offered.<br>  Cookies panel<br> HOW TO MANAGE COOKIES FROM THE BROWSER<br> Delete cookies from your device<br> Cookies that are already on a device can be deleted by clearing your browser history, which deletes cookies from all websites visited.<br>  However, you may also lose some of your saved information (for example, your login details or website preferences).<br>  Manage site-specific cookies<br> To have more precise control over site-specific cookies, users can adjust their privacy and cookie settings in their browser.<br>  Block cookies<br> Although most modern browsers can be configured to prevent cookies from being installed on devices, this may require manual adjustment of certain preferences each time a site or page is visited. In addition, some services and features may not function properly (for example, profile logins). <\/p>\n<p>HOW TO DELETE THE MOST COMMON COOKIES<br> Chrome<br> http:\/\/support.google.com\/chrome\/answer\/95647?hl=es<br> Edge<br> https:\/\/support.microsoft.com\/es-es\/microsoft-edge\/eliminar-las-cookies-en-microsoft-edge-63947406-40ac-c3b8-57b9-2a946a29ae09<br> explorer<br> https:\/\/support.microsoft.com\/es-es\/help\/278835\/how-to-delete-cookie-files-in-internet-explorer<br> firefox<br> https:\/\/www.mozilla.org\/es-ES\/privacy\/websites\/#cookies<br> Safari<br> https:\/\/support.apple.com\/es-es\/guide\/safari\/sfri11471\/mac<br> opera<br> https:\/\/help.opera.com\/en\/latest\/security-and-privacy\/#clearBrowsingData<\/p>\t\t\t\t\t\t<\/div>\n\t\t\t\t<\/div>\n\t\t\t\t\t<\/div>\n\t\t\t\t<\/div>\n\t\t\t\t<\/div>\n\t\t","protected":false},"excerpt":{"rendered":"<p>COOKIES INFORMATION ON COOKIES In accordance with Law 34\/2002, of July 11, on services of the information society and electronic commerce (LSSI), in relation to Regulation (EU) 2016\/679 of the European Parliament and of the Council, of 27 of April 2016, General Data Protection (GDPR) and Organic Law 3\/2018, of December 5, Data Protection and [&hellip;]<\/p>\n","protected":false},"author":1,"featured_media":0,"parent":0,"menu_order":0,"comment_status":"closed","ping_status":"closed","template":"","meta":{"_acf_changed":false,"footnotes":""},"class_list":["post-1490","page","type-page","status-publish","hentry"],"acf":[],"yoast_head":"<!-- This site is optimized with the Yoast SEO plugin v23.6 - https:\/\/yoast.com\/wordpress\/plugins\/seo\/ -->\n<title>Cookies policy - Visit Santa Maria del Cam\u00ed<\/title>\n<meta name=\"robots\" content=\"index, follow, max-snippet:-1, max-image-preview:large, max-video-preview:-1\" \/>\n<link rel=\"canonical\" href=\"https:\/\/www.visitsantamariadelcami.com\/en\/cookies-policy\/\" \/>\n<meta property=\"og:locale\" content=\"en_US\" \/>\n<meta property=\"og:type\" content=\"article\" \/>\n<meta property=\"og:title\" content=\"Cookies policy - Visit Santa Maria del Cam\u00ed\" \/>\n<meta property=\"og:description\" content=\"COOKIES INFORMATION ON COOKIES In accordance with Law 34\/2002, of July 11, on services of the information society and electronic commerce (LSSI), in relation to Regulation (EU) 2016\/679 of the European Parliament and of the Council, of 27 of April 2016, General Data Protection (GDPR) and Organic Law 3\/2018, of December 5, Data Protection and [&hellip;]\" \/>\n<meta property=\"og:url\" content=\"https:\/\/www.visitsantamariadelcami.com\/en\/cookies-policy\/\" \/>\n<meta property=\"og:site_name\" content=\"Visit Santa Maria del Cam\u00ed\" \/>\n<meta property=\"article:publisher\" content=\"https:\/\/www.facebook.com\/ajuntament.santamariadelcami\" \/>\n<meta property=\"article:modified_time\" content=\"2024-09-10T11:27:04+00:00\" \/>\n<meta name=\"twitter:card\" content=\"summary_large_image\" \/>\n<meta name=\"twitter:label1\" content=\"Est. reading time\" \/>\n\t<meta name=\"twitter:data1\" content=\"6 minutes\" \/>\n<script type=\"application\/ld+json\" class=\"yoast-schema-graph\">{\"@context\":\"https:\/\/schema.org\",\"@graph\":[{\"@type\":\"WebPage\",\"@id\":\"https:\/\/www.visitsantamariadelcami.com\/en\/cookies-policy\/\",\"url\":\"https:\/\/www.visitsantamariadelcami.com\/en\/cookies-policy\/\",\"name\":\"Cookies policy - Visit Santa Maria del Cam\u00ed\",\"isPartOf\":{\"@id\":\"https:\/\/www.visitsantamariadelcami.com\/#website\"},\"datePublished\":\"2024-09-09T11:48:05+00:00\",\"dateModified\":\"2024-09-10T11:27:04+00:00\",\"breadcrumb\":{\"@id\":\"https:\/\/www.visitsantamariadelcami.com\/en\/cookies-policy\/#breadcrumb\"},\"inLanguage\":\"en-US\",\"potentialAction\":[{\"@type\":\"ReadAction\",\"target\":[\"https:\/\/www.visitsantamariadelcami.com\/en\/cookies-policy\/\"]}]},{\"@type\":\"BreadcrumbList\",\"@id\":\"https:\/\/www.visitsantamariadelcami.com\/en\/cookies-policy\/#breadcrumb\",\"itemListElement\":[{\"@type\":\"ListItem\",\"position\":1,\"name\":\"Inici\",\"item\":\"https:\/\/www.visitsantamariadelcami.com\/en\/home\/\"},{\"@type\":\"ListItem\",\"position\":2,\"name\":\"Cookies policy\"}]},{\"@type\":\"WebSite\",\"@id\":\"https:\/\/www.visitsantamariadelcami.com\/#website\",\"url\":\"https:\/\/www.visitsantamariadelcami.com\/\",\"name\":\"Visit Santa Maria del Cam\u00ed\",\"description\":\"Santa Maria et convida a descobrir la seva rica cultura, hist\u00f2ria, i tradicions. Des de vinyes i cellers de renom fins a una vibrant escena gastron\u00f2mica\",\"publisher\":{\"@id\":\"https:\/\/www.visitsantamariadelcami.com\/#organization\"},\"potentialAction\":[{\"@type\":\"SearchAction\",\"target\":{\"@type\":\"EntryPoint\",\"urlTemplate\":\"https:\/\/www.visitsantamariadelcami.com\/?s={search_term_string}\"},\"query-input\":{\"@type\":\"PropertyValueSpecification\",\"valueRequired\":true,\"valueName\":\"search_term_string\"}}],\"inLanguage\":\"en-US\"},{\"@type\":\"Organization\",\"@id\":\"https:\/\/www.visitsantamariadelcami.com\/#organization\",\"name\":\"Visit Santa Maria del Cam\u00ed\",\"url\":\"https:\/\/www.visitsantamariadelcami.com\/\",\"logo\":{\"@type\":\"ImageObject\",\"inLanguage\":\"en-US\",\"@id\":\"https:\/\/www.visitsantamariadelcami.com\/#\/schema\/logo\/image\/\",\"url\":\"https:\/\/www.visitsantamariadelcami.com\/wp-content\/uploads\/2024\/08\/uva-1.svg\",\"contentUrl\":\"https:\/\/www.visitsantamariadelcami.com\/wp-content\/uploads\/2024\/08\/uva-1.svg\",\"caption\":\"Visit Santa Maria del Cam\u00ed\"},\"image\":{\"@id\":\"https:\/\/www.visitsantamariadelcami.com\/#\/schema\/logo\/image\/\"},\"sameAs\":[\"https:\/\/www.facebook.com\/ajuntament.santamariadelcami\",\"https:\/\/www.instagram.com\/ajsantamariadelcami\/\"]}]}<\/script>\n<!-- \/ Yoast SEO plugin. -->","yoast_head_json":{"title":"Cookies policy - Visit Santa Maria del Cam\u00ed","robots":{"index":"index","follow":"follow","max-snippet":"max-snippet:-1","max-image-preview":"max-image-preview:large","max-video-preview":"max-video-preview:-1"},"canonical":"https:\/\/www.visitsantamariadelcami.com\/en\/cookies-policy\/","og_locale":"en_US","og_type":"article","og_title":"Cookies policy - Visit Santa Maria del Cam\u00ed","og_description":"COOKIES INFORMATION ON COOKIES In accordance with Law 34\/2002, of July 11, on services of the information society and electronic commerce (LSSI), in relation to Regulation (EU) 2016\/679 of the European Parliament and of the Council, of 27 of April 2016, General Data Protection (GDPR) and Organic Law 3\/2018, of December 5, Data Protection and [&hellip;]","og_url":"https:\/\/www.visitsantamariadelcami.com\/en\/cookies-policy\/","og_site_name":"Visit Santa Maria del Cam\u00ed","article_publisher":"https:\/\/www.facebook.com\/ajuntament.santamariadelcami","article_modified_time":"2024-09-10T11:27:04+00:00","twitter_card":"summary_large_image","twitter_misc":{"Est. reading time":"6 minutes"},"schema":{"@context":"https:\/\/schema.org","@graph":[{"@type":"WebPage","@id":"https:\/\/www.visitsantamariadelcami.com\/en\/cookies-policy\/","url":"https:\/\/www.visitsantamariadelcami.com\/en\/cookies-policy\/","name":"Cookies policy - Visit Santa Maria del Cam\u00ed","isPartOf":{"@id":"https:\/\/www.visitsantamariadelcami.com\/#website"},"datePublished":"2024-09-09T11:48:05+00:00","dateModified":"2024-09-10T11:27:04+00:00","breadcrumb":{"@id":"https:\/\/www.visitsantamariadelcami.com\/en\/cookies-policy\/#breadcrumb"},"inLanguage":"en-US","potentialAction":[{"@type":"ReadAction","target":["https:\/\/www.visitsantamariadelcami.com\/en\/cookies-policy\/"]}]},{"@type":"BreadcrumbList","@id":"https:\/\/www.visitsantamariadelcami.com\/en\/cookies-policy\/#breadcrumb","itemListElement":[{"@type":"ListItem","position":1,"name":"Inici","item":"https:\/\/www.visitsantamariadelcami.com\/en\/home\/"},{"@type":"ListItem","position":2,"name":"Cookies policy"}]},{"@type":"WebSite","@id":"https:\/\/www.visitsantamariadelcami.com\/#website","url":"https:\/\/www.visitsantamariadelcami.com\/","name":"Visit Santa Maria del Cam\u00ed","description":"Santa Maria et convida a descobrir la seva rica cultura, hist\u00f2ria, i tradicions. Des de vinyes i cellers de renom fins a una vibrant escena gastron\u00f2mica","publisher":{"@id":"https:\/\/www.visitsantamariadelcami.com\/#organization"},"potentialAction":[{"@type":"SearchAction","target":{"@type":"EntryPoint","urlTemplate":"https:\/\/www.visitsantamariadelcami.com\/?s={search_term_string}"},"query-input":{"@type":"PropertyValueSpecification","valueRequired":true,"valueName":"search_term_string"}}],"inLanguage":"en-US"},{"@type":"Organization","@id":"https:\/\/www.visitsantamariadelcami.com\/#organization","name":"Visit Santa Maria del Cam\u00ed","url":"https:\/\/www.visitsantamariadelcami.com\/","logo":{"@type":"ImageObject","inLanguage":"en-US","@id":"https:\/\/www.visitsantamariadelcami.com\/#\/schema\/logo\/image\/","url":"https:\/\/www.visitsantamariadelcami.com\/wp-content\/uploads\/2024\/08\/uva-1.svg","contentUrl":"https:\/\/www.visitsantamariadelcami.com\/wp-content\/uploads\/2024\/08\/uva-1.svg","caption":"Visit Santa Maria del Cam\u00ed"},"image":{"@id":"https:\/\/www.visitsantamariadelcami.com\/#\/schema\/logo\/image\/"},"sameAs":["https:\/\/www.facebook.com\/ajuntament.santamariadelcami","https:\/\/www.instagram.com\/ajsantamariadelcami\/"]}]}},"_links":{"self":[{"href":"https:\/\/www.visitsantamariadelcami.com\/en\/wp-json\/wp\/v2\/pages\/1490","targetHints":{"allow":["GET"]}}],"collection":[{"href":"https:\/\/www.visitsantamariadelcami.com\/en\/wp-json\/wp\/v2\/pages"}],"about":[{"href":"https:\/\/www.visitsantamariadelcami.com\/en\/wp-json\/wp\/v2\/types\/page"}],"author":[{"embeddable":true,"href":"https:\/\/www.visitsantamariadelcami.com\/en\/wp-json\/wp\/v2\/users\/1"}],"replies":[{"embeddable":true,"href":"https:\/\/www.visitsantamariadelcami.com\/en\/wp-json\/wp\/v2\/comments?post=1490"}],"version-history":[{"count":1,"href":"https:\/\/www.visitsantamariadelcami.com\/en\/wp-json\/wp\/v2\/pages\/1490\/revisions"}],"predecessor-version":[{"id":1492,"href":"https:\/\/www.visitsantamariadelcami.com\/en\/wp-json\/wp\/v2\/pages\/1490\/revisions\/1492"}],"wp:attachment":[{"href":"https:\/\/www.visitsantamariadelcami.com\/en\/wp-json\/wp\/v2\/media?parent=1490"}],"curies":[{"name":"wp","href":"https:\/\/api.w.org\/{rel}","templated":true}]}}